{"id":48,"date":"2018-08-25T19:21:52","date_gmt":"2018-08-25T17:21:52","guid":{"rendered":"http:\/\/perso.unifr.ch\/pascal.wagner\/?page_id=48"},"modified":"2019-04-25T20:53:36","modified_gmt":"2019-04-25T18:53:36","slug":"projets-de-recherche","status":"publish","type":"page","link":"https:\/\/perso.unifr.ch\/pascal.wagner\/projets-de-recherche\/","title":{"rendered":"Projets de recherche"},"content":{"rendered":"\n<p>2018-2021 : Responding to the spreading of conspiracy theories (en collaboration avec Sylvain Delouv\u00e9e, Pascal Morchain et St\u00e9phane Laurens, Universit\u00e9 de Rennes 2, Anthony Lantian et Jean Louis Tavani, Universit\u00e9 de Paris 10, Fabien Girandola et Gregory Lo Monaco, Universit\u00e9 d&rsquo;Aix-Marseille, G\u00e9rald Bronner, Universit\u00e9 de Paris 7 et CNRS, Nicolas Gauvrit, Universit\u00e9 de Lille, Sebastian Dieguez, Universit\u00e9 de Fribourg). Subside accord\u00e9 par l&rsquo;Agence Nationale de la Recherche (214 380,00 \u20ac). <\/p>\n\n\n\n<p>2011-2014\u00a0: SNSF research project (principal investigator Adrian Bangerter): Public skepticism about emerging infectious diseases (CHF 334,840)<\/p>\n\n\n\n<p>2011-2012 : SNSF research project (principal investigator Adrian Bangerter): Dynamic public perceptions of emerging infectious diseases: A longitudinal study of the H1N1 pandemic (CHF 55,240)<\/p>\n\n\n\n<p>2009-2010\u00a0: SNSF research project (principal investigator Adrian Bangerter): Dynamic public perceptions of emerging infectious diseases: A longitudinal study of avian flu (CHF 195,388)<\/p>\n\n\n\n<p>2007-2008 : Racisme et football : la face sombre du sport. (en collaboration avec Dr. Pascal Gygax, Universit\u00e9 de Fribourg). Subside accord\u00e9 par la Commission F\u00e9d\u00e9rale du Sport (100&rsquo;317,65 CHF). Collaboratrice\u00a0: Farfalla Ribordy (assistante de recherche)<\/p>\n","protected":false},"excerpt":{"rendered":"<p>2018-2021 : Responding to the spreading of conspiracy theories (en collaboration avec Sylvain Delouv\u00e9e, Pascal Morchain et St\u00e9phane Laurens, Universit\u00e9 de Rennes 2, Anthony Lantian et Jean Louis Tavani, Universit\u00e9 de Paris 10, Fabien Girandola et Gregory Lo Monaco, Universit\u00e9 d&rsquo;Aix-Marseille, G\u00e9rald Bronner, Universit\u00e9 de Paris 7 et CNRS, Nicolas Gauvrit, Universit\u00e9 de Lille, Sebastian &hellip; <a href=\"https:\/\/perso.unifr.ch\/pascal.wagner\/projets-de-recherche\/\" class=\"more-link\">Continuer la lecture de <span class=\"screen-reader-text\">Projets de recherche<\/span><\/a><\/p>\n","protected":false},"author":2,"featured_media":9,"parent":0,"menu_order":0,"comment_status":"closed","ping_status":"closed","template":"","meta":[],"_links":{"self":[{"href":"https:\/\/perso.unifr.ch\/pascal.wagner\/wp-json\/wp\/v2\/pages\/48"}],"collection":[{"href":"https:\/\/perso.unifr.ch\/pascal.wagner\/wp-json\/wp\/v2\/pages"}],"about":[{"href":"https:\/\/perso.unifr.ch\/pascal.wagner\/wp-json\/wp\/v2\/types\/page"}],"author":[{"embeddable":true,"href":"https:\/\/perso.unifr.ch\/pascal.wagner\/wp-json\/wp\/v2\/users\/2"}],"replies":[{"embeddable":true,"href":"https:\/\/perso.unifr.ch\/pascal.wagner\/wp-json\/wp\/v2\/comments?post=48"}],"version-history":[{"count":2,"href":"https:\/\/perso.unifr.ch\/pascal.wagner\/wp-json\/wp\/v2\/pages\/48\/revisions"}],"predecessor-version":[{"id":126,"href":"https:\/\/perso.unifr.ch\/pascal.wagner\/wp-json\/wp\/v2\/pages\/48\/revisions\/126"}],"wp:featuredmedia":[{"embeddable":true,"href":"https:\/\/perso.unifr.ch\/pascal.wagner\/wp-json\/wp\/v2\/media\/9"}],"wp:attachment":[{"href":"https:\/\/perso.unifr.ch\/pascal.wagner\/wp-json\/wp\/v2\/media?parent=48"}],"curies":[{"name":"wp","href":"https:\/\/api.w.org\/{rel}","templated":true}]}}