{"id":297,"date":"2019-06-28T08:57:18","date_gmt":"2019-06-28T06:57:18","guid":{"rendered":"https:\/\/perso.unifr.ch\/pascal.gygax?page_id=297"},"modified":"2019-06-28T08:57:18","modified_gmt":"2019-06-28T06:57:18","slug":"me-contacter","status":"publish","type":"page","link":"https:\/\/perso.unifr.ch\/pascal.gygax\/me-contacter\/","title":{"rendered":"Me contacter"},"content":{"rendered":"<p>Vous pouvez m&rsquo;envoyer un\u00a0courriel\u00a0<a href=\"mailto:pascal.gygax@unifr.ch\">ici<\/a>, ou me t\u00e9l\u00e9phoner au num\u00e9ro 0041 26 300 76 40.<\/p>\n","protected":false},"excerpt":{"rendered":"<p>Vous pouvez m&rsquo;envoyer un\u00a0courriel\u00a0ici, ou me t\u00e9l\u00e9phoner au num\u00e9ro 0041 26 300 76 40.<\/p>\n","protected":false},"author":2,"featured_media":298,"parent":0,"menu_order":0,"comment_status":"closed","ping_status":"closed","template":"","meta":{"_monsterinsights_skip_tracking":false,"_monsterinsights_sitenote_active":false,"_monsterinsights_sitenote_note":"","_monsterinsights_sitenote_category":0},"_links":{"self":[{"href":"https:\/\/perso.unifr.ch\/pascal.gygax\/wp-json\/wp\/v2\/pages\/297"}],"collection":[{"href":"https:\/\/perso.unifr.ch\/pascal.gygax\/wp-json\/wp\/v2\/pages"}],"about":[{"href":"https:\/\/perso.unifr.ch\/pascal.gygax\/wp-json\/wp\/v2\/types\/page"}],"author":[{"embeddable":true,"href":"https:\/\/perso.unifr.ch\/pascal.gygax\/wp-json\/wp\/v2\/users\/2"}],"replies":[{"embeddable":true,"href":"https:\/\/perso.unifr.ch\/pascal.gygax\/wp-json\/wp\/v2\/comments?post=297"}],"version-history":[{"count":1,"href":"https:\/\/perso.unifr.ch\/pascal.gygax\/wp-json\/wp\/v2\/pages\/297\/revisions"}],"predecessor-version":[{"id":299,"href":"https:\/\/perso.unifr.ch\/pascal.gygax\/wp-json\/wp\/v2\/pages\/297\/revisions\/299"}],"wp:featuredmedia":[{"embeddable":true,"href":"https:\/\/perso.unifr.ch\/pascal.gygax\/wp-json\/wp\/v2\/media\/298"}],"wp:attachment":[{"href":"https:\/\/perso.unifr.ch\/pascal.gygax\/wp-json\/wp\/v2\/media?parent=297"}],"curies":[{"name":"wp","href":"https:\/\/api.w.org\/{rel}","templated":true}]}}