{"id":281,"date":"2019-06-27T18:05:09","date_gmt":"2019-06-27T16:05:09","guid":{"rendered":"https:\/\/perso.unifr.ch\/pascal.gygax?page_id=281"},"modified":"2026-03-24T17:23:32","modified_gmt":"2026-03-24T16:23:32","slug":"mon-profil","status":"publish","type":"page","link":"https:\/\/perso.unifr.ch\/pascal.gygax","title":{"rendered":"Mon profil"},"content":{"rendered":"<p>Psycholinguiste exp\u00e9rimental et psychologue cognitif, je m\u2019int\u00e9resse \u00e0 la mani\u00e8re dont nous d\u00e9passons le texte et\/ou le discours pour former des repr\u00e9sentations mentales. Je m\u2019int\u00e9resse particuli\u00e8rement \u00e0 la fa\u00e7on dont nos connaissances (implicites) interagissent avec des \u00e9l\u00e9ments explicites du texte et\/ou du discours pour former ce que nous retenons r\u00e9ellement. Bien que je travaille principalement sur le genre, les \u00e9motions et les inf\u00e9rences li\u00e9es \u00e0 la sant\u00e9, je m\u2019int\u00e9resse \u00e9galement \u00e0 notre mani\u00e8re de conceptualiser le futur. Pour l&rsquo;ensemble de mon travail, j&rsquo;ai re\u00e7u le <a href=\"https:\/\/marcel-benoist.ch\/fr\/prix-2024\/\">Prix Marcel Benoist 2024<\/a>, la r\u00e9compense scientifique la plus prestigieuse en Suisse, consid\u00e9r\u00e9e comme le Prix Nobel Suisse.<\/p>\n<p>En plus de mon travail \u00e0 l&rsquo;Universit\u00e9 de Fribourg (en tant que responsable du groupe de psycholinguistique et de psychologie sociale appliqu\u00e9e, avec Pascal Wagner-Egger), je suis \u00e9galement impliqu\u00e9 dans diff\u00e9rentes formes de communication et de vulgarisation. Je participe r\u00e9guli\u00e8rement \u00e0 des \u00e9missions de radio, je donne des ateliers sur le langage inclusif et donne des pr\u00e9sentations dans les \u00e9coles pour sensibiliser les enfants aux conventions sociales et \u00e0 leur impact sur les comportements. Avec mes coll\u00e8gues Sandrine Zufferey de l&rsquo;Universit\u00e9 de Berne, et Ute Gabriel, de l&rsquo;Universit\u00e9 norv\u00e9gienne des sciences et technologies, nous avons \u00e9galement publi\u00e9 un livre grand public \u00ab\u00a0<a href=\"https:\/\/www.lerobert.com\/essais-et-litterature\/francais\/essais\/et-si-on-arretait-de-penser-au-masculin-9782321021292.html\">Et si on arr\u00eatait de penser au masculin ?<\/a>\u00a0\u00bb aux \u00c9ditions Le Robert.<\/p>\n<p>Pour un portrait plus personnel, vous pouvez lire <a href=\"https:\/\/perso.unifr.ch\/pascal.gygax\/wp-content\/uploads\/2021\/06\/Pascal24heures-2.pdf\">le portrait suivant<\/a>, paru dans le 24Heures le 3 juin 2021, ou regarder cette vid\u00e9o:<\/p>\n<p><iframe loading=\"lazy\" title=\"Prix scientifique suisse Marcel Benoist 2024 - Pascal Gygax\" width=\"660\" height=\"371\" src=\"https:\/\/www.youtube.com\/embed\/-riz9ca0BUs?feature=oembed\" frameborder=\"0\" allow=\"accelerometer; autoplay; clipboard-write; encrypted-media; gyroscope; picture-in-picture; web-share\" referrerpolicy=\"strict-origin-when-cross-origin\" allowfullscreen><\/iframe><\/p>\n\n\n<p><\/p>\n","protected":false},"excerpt":{"rendered":"<p>Psycholinguiste exp\u00e9rimental et psychologue cognitif, je m\u2019int\u00e9resse \u00e0 la mani\u00e8re dont nous d\u00e9passons le texte et\/ou le discours pour former des repr\u00e9sentations mentales. Je m\u2019int\u00e9resse particuli\u00e8rement \u00e0 la fa\u00e7on dont nos connaissances (implicites) interagissent avec des \u00e9l\u00e9ments explicites du texte et\/ou du discours pour former ce que nous retenons r\u00e9ellement. Bien que je travaille principalement &hellip; <a href=\"https:\/\/perso.unifr.ch\/pascal.gygax\" class=\"more-link\">Continuer la lecture de <span class=\"screen-reader-text\">Mon profil<\/span><\/a><\/p>\n","protected":false},"author":2,"featured_media":1377,"parent":0,"menu_order":0,"comment_status":"closed","ping_status":"closed","template":"","meta":{"_monsterinsights_skip_tracking":false,"_monsterinsights_sitenote_active":false,"_monsterinsights_sitenote_note":"","_monsterinsights_sitenote_category":0},"_links":{"self":[{"href":"https:\/\/perso.unifr.ch\/pascal.gygax\/wp-json\/wp\/v2\/pages\/281"}],"collection":[{"href":"https:\/\/perso.unifr.ch\/pascal.gygax\/wp-json\/wp\/v2\/pages"}],"about":[{"href":"https:\/\/perso.unifr.ch\/pascal.gygax\/wp-json\/wp\/v2\/types\/page"}],"author":[{"embeddable":true,"href":"https:\/\/perso.unifr.ch\/pascal.gygax\/wp-json\/wp\/v2\/users\/2"}],"replies":[{"embeddable":true,"href":"https:\/\/perso.unifr.ch\/pascal.gygax\/wp-json\/wp\/v2\/comments?post=281"}],"version-history":[{"count":10,"href":"https:\/\/perso.unifr.ch\/pascal.gygax\/wp-json\/wp\/v2\/pages\/281\/revisions"}],"predecessor-version":[{"id":1391,"href":"https:\/\/perso.unifr.ch\/pascal.gygax\/wp-json\/wp\/v2\/pages\/281\/revisions\/1391"}],"wp:featuredmedia":[{"embeddable":true,"href":"https:\/\/perso.unifr.ch\/pascal.gygax\/wp-json\/wp\/v2\/media\/1377"}],"wp:attachment":[{"href":"https:\/\/perso.unifr.ch\/pascal.gygax\/wp-json\/wp\/v2\/media?parent=281"}],"curies":[{"name":"wp","href":"https:\/\/api.w.org\/{rel}","templated":true}]}}